{"id":65,"date":"2023-05-19T10:46:29","date_gmt":"2023-05-19T08:46:29","guid":{"rendered":"https:\/\/plantbezorgd.s01.klik3.dev\/?page_id=65"},"modified":"2023-12-21T13:55:57","modified_gmt":"2023-12-21T12:55:57","slug":"pflanzenpflege-und-umwelt-2","status":"publish","type":"page","link":"https:\/\/plantbezorgd.nl\/de\/plantbezorgd-en-het-milieu\/","title":{"rendered":"PflanzenGeliefert und die Umwelt"},"content":{"rendered":"<p>Bei PlantBezorgd lieben wir Pflanzen und die Umwelt. Deshalb finden wir es wichtig, Ihre Pflanzen #natuurelijkgoedverpakt zu liefern. Wir versuchen, naturfreundliche Materialien wie Stroh, Bambusst\u00e4be und Kokosmatten so viel wie m\u00f6glich zu verwenden, wenn der Versand, die Sie in Ihrem Garten nach der Lieferung wiederverwenden k\u00f6nnen!<\/p>\n<p>Dar\u00fcber hinaus k\u00f6nnen wir den Karton eines Lieferanten f\u00fcr den Versand Ihrer Bestellung wiederverwenden oder ihn als Abstandshalter in Ihrem Karton zerschneiden. Wir verwenden so wenig Plastik wie m\u00f6glich f\u00fcr den Versand.<\/p>\n<p>Unser Zustellpartner PostNL arbeitet mit Hochdruck daran, immer mehr Sendungen mit Elektrofahrzeugen zuzustellen.<\/p>\n<p>M\u00f6chten Sie mehr \u00fcber PlantBezorgd und die Umwelt erfahren? Folgen Sie uns auf\u00a0<a href=\"https:\/\/www.facebook.com\/plantbezorgd\" target=\"_blank\" rel=\"noopener noreferrer\">Facebook<\/a>\u00a0\/\u00a0<a href=\"https:\/\/www.instagram.com\/plantbezorgd\/\" target=\"_blank\" rel=\"noopener noreferrer\">Instagram<\/a>\u00a0\/\u00a0<a href=\"https:\/\/twitter.com\/plantbezorgd\" target=\"_blank\" rel=\"noopener noreferrer\">Twitter<\/a>\u00a0\/\u00a0<a href=\"https:\/\/www.linkedin.com\/company\/plantbezorgd\" target=\"_blank\" rel=\"noopener noreferrer\">LinkedIn<\/a>\u00a0oder \u00fcber #nat\u00fcrlich gut verpackt<\/p>","protected":false},"excerpt":{"rendered":"<p>Bij PlantBezorgd houden we van planten, en het milieu. Daarom vinden we het belangrijk om de planten #natuurlijkgoedverpakt bij je af te leveren. Wij proberen bij het verzenden zoveel mogelijk gebruik te maken van natuurvriendelijke materialen zoals stro, bamboestokken en kokosmatten de je na de levering kunt hergebruiken in je tuin! Daarnaast kan het voorkomen [&hellip;]<\/p>","protected":false},"author":1,"featured_media":0,"parent":0,"menu_order":0,"comment_status":"closed","ping_status":"closed","template":"","meta":{"_acf_changed":false,"iawp_total_views":109,"footnotes":""},"categories":[],"tags":[],"class_list":["post-65","page","type-page","status-publish","hentry"],"acf":[],"yoast_head":"<!-- This site is optimized with the Yoast SEO plugin v25.3 - https:\/\/yoast.com\/wordpress\/plugins\/seo\/ -->\n<title>PlantBezorgd en het milieu - PlantBezorgd<\/title>\n<meta name=\"robots\" content=\"index, follow, max-snippet:-1, max-image-preview:large, max-video-preview:-1\" \/>\n<link rel=\"canonical\" href=\"https:\/\/plantbezorgd.nl\/de\/pflanzenpflege-und-umwelt-2\/\" \/>\n<meta property=\"og:locale\" content=\"de_DE\" \/>\n<meta property=\"og:type\" content=\"article\" \/>\n<meta property=\"og:title\" content=\"PlantBezorgd en het milieu - PlantBezorgd\" \/>\n<meta property=\"og:description\" content=\"Bij PlantBezorgd houden we van planten, en het milieu. Daarom vinden we het belangrijk om de planten #natuurlijkgoedverpakt bij je af te leveren. Wij proberen bij het verzenden zoveel mogelijk gebruik te maken van natuurvriendelijke materialen zoals stro, bamboestokken en kokosmatten de je na de levering kunt hergebruiken in je tuin! Daarnaast kan het voorkomen [&hellip;]\" \/>\n<meta property=\"og:url\" content=\"https:\/\/plantbezorgd.nl\/de\/pflanzenpflege-und-umwelt-2\/\" \/>\n<meta property=\"og:site_name\" content=\"PlantBezorgd\" \/>\n<meta property=\"article:modified_time\" content=\"2023-12-21T12:55:57+00:00\" \/>\n<meta name=\"twitter:card\" content=\"summary_large_image\" \/>\n<meta name=\"twitter:label1\" content=\"Gesch\u00e4tzte Lesezeit\" \/>\n\t<meta name=\"twitter:data1\" content=\"1\u00a0Minute\" \/>\n<script type=\"application\/ld+json\" class=\"yoast-schema-graph\">{\"@context\":\"https:\/\/schema.org\",\"@graph\":[{\"@type\":\"WebPage\",\"@id\":\"https:\/\/plantbezorgd.nl\/plantbezorgd-en-het-milieu\/\",\"url\":\"https:\/\/plantbezorgd.nl\/plantbezorgd-en-het-milieu\/\",\"name\":\"PlantBezorgd en het milieu - PlantBezorgd\",\"isPartOf\":{\"@id\":\"https:\/\/plantbezorgd.nl\/#website\"},\"datePublished\":\"2023-05-19T08:46:29+00:00\",\"dateModified\":\"2023-12-21T12:55:57+00:00\",\"inLanguage\":\"de\",\"potentialAction\":[{\"@type\":\"ReadAction\",\"target\":[\"https:\/\/plantbezorgd.nl\/plantbezorgd-en-het-milieu\/\"]}]},{\"@type\":\"WebSite\",\"@id\":\"https:\/\/plantbezorgd.nl\/#website\",\"url\":\"https:\/\/plantbezorgd.nl\/\",\"name\":\"PlantBezorgd\",\"description\":\"Betaalbare kwaliteitsplanten thuisbezorgd!\",\"publisher\":{\"@id\":\"https:\/\/plantbezorgd.nl\/#organization\"},\"potentialAction\":[{\"@type\":\"SearchAction\",\"target\":{\"@type\":\"EntryPoint\",\"urlTemplate\":\"https:\/\/plantbezorgd.nl\/?s={search_term_string}\"},\"query-input\":{\"@type\":\"PropertyValueSpecification\",\"valueRequired\":true,\"valueName\":\"search_term_string\"}}],\"inLanguage\":\"de\"},{\"@type\":\"Organization\",\"@id\":\"https:\/\/plantbezorgd.nl\/#organization\",\"name\":\"PlantBezorgd\",\"url\":\"https:\/\/plantbezorgd.nl\/\",\"logo\":{\"@type\":\"ImageObject\",\"inLanguage\":\"de\",\"@id\":\"https:\/\/plantbezorgd.nl\/#\/schema\/logo\/image\/\",\"url\":\"https:\/\/plantbezorgd.nl\/wp-content\/uploads\/2023\/05\/Logo.svg\",\"contentUrl\":\"https:\/\/plantbezorgd.nl\/wp-content\/uploads\/2023\/05\/Logo.svg\",\"caption\":\"PlantBezorgd\"},\"image\":{\"@id\":\"https:\/\/plantbezorgd.nl\/#\/schema\/logo\/image\/\"}}]}<\/script>\n<!-- \/ Yoast SEO plugin. -->","yoast_head_json":{"title":"PlantBeautiful und die Umwelt - PlantBeautiful","robots":{"index":"index","follow":"follow","max-snippet":"max-snippet:-1","max-image-preview":"max-image-preview:large","max-video-preview":"max-video-preview:-1"},"canonical":"https:\/\/plantbezorgd.nl\/de\/pflanzenpflege-und-umwelt-2\/","og_locale":"de_DE","og_type":"article","og_title":"PlantBezorgd en het milieu - PlantBezorgd","og_description":"Bij PlantBezorgd houden we van planten, en het milieu. Daarom vinden we het belangrijk om de planten #natuurlijkgoedverpakt bij je af te leveren. Wij proberen bij het verzenden zoveel mogelijk gebruik te maken van natuurvriendelijke materialen zoals stro, bamboestokken en kokosmatten de je na de levering kunt hergebruiken in je tuin! Daarnaast kan het voorkomen [&hellip;]","og_url":"https:\/\/plantbezorgd.nl\/de\/pflanzenpflege-und-umwelt-2\/","og_site_name":"PlantBezorgd","article_modified_time":"2023-12-21T12:55:57+00:00","twitter_card":"summary_large_image","twitter_misc":{"Gesch\u00e4tzte Lesezeit":"1\u00a0Minute"},"schema":{"@context":"https:\/\/schema.org","@graph":[{"@type":"WebPage","@id":"https:\/\/plantbezorgd.nl\/plantbezorgd-en-het-milieu\/","url":"https:\/\/plantbezorgd.nl\/plantbezorgd-en-het-milieu\/","name":"PlantBeautiful und die Umwelt - PlantBeautiful","isPartOf":{"@id":"https:\/\/plantbezorgd.nl\/#website"},"datePublished":"2023-05-19T08:46:29+00:00","dateModified":"2023-12-21T12:55:57+00:00","inLanguage":"de","potentialAction":[{"@type":"ReadAction","target":["https:\/\/plantbezorgd.nl\/plantbezorgd-en-het-milieu\/"]}]},{"@type":"WebSite","@id":"https:\/\/plantbezorgd.nl\/#website","url":"https:\/\/plantbezorgd.nl\/","name":"PflanzenGeliefert","description":"Erschwingliche Qualit\u00e4tspflanzen direkt zu Ihnen nach Hause geliefert!","publisher":{"@id":"https:\/\/plantbezorgd.nl\/#organization"},"potentialAction":[{"@type":"SearchAction","target":{"@type":"EntryPoint","urlTemplate":"https:\/\/plantbezorgd.nl\/?s={search_term_string}"},"query-input":{"@type":"PropertyValueSpecification","valueRequired":true,"valueName":"search_term_string"}}],"inLanguage":"de"},{"@type":"Organization","@id":"https:\/\/plantbezorgd.nl\/#organization","name":"PflanzenGeliefert","url":"https:\/\/plantbezorgd.nl\/","logo":{"@type":"ImageObject","inLanguage":"de","@id":"https:\/\/plantbezorgd.nl\/#\/schema\/logo\/image\/","url":"https:\/\/plantbezorgd.nl\/wp-content\/uploads\/2023\/05\/Logo.svg","contentUrl":"https:\/\/plantbezorgd.nl\/wp-content\/uploads\/2023\/05\/Logo.svg","caption":"PlantBezorgd"},"image":{"@id":"https:\/\/plantbezorgd.nl\/#\/schema\/logo\/image\/"}}]}},"_links":{"self":[{"href":"https:\/\/plantbezorgd.nl\/de\/wp-json\/wp\/v2\/pages\/65","targetHints":{"allow":["GET"]}}],"collection":[{"href":"https:\/\/plantbezorgd.nl\/de\/wp-json\/wp\/v2\/pages"}],"about":[{"href":"https:\/\/plantbezorgd.nl\/de\/wp-json\/wp\/v2\/types\/page"}],"author":[{"embeddable":true,"href":"https:\/\/plantbezorgd.nl\/de\/wp-json\/wp\/v2\/users\/1"}],"replies":[{"embeddable":true,"href":"https:\/\/plantbezorgd.nl\/de\/wp-json\/wp\/v2\/comments?post=65"}],"version-history":[{"count":0,"href":"https:\/\/plantbezorgd.nl\/de\/wp-json\/wp\/v2\/pages\/65\/revisions"}],"wp:attachment":[{"href":"https:\/\/plantbezorgd.nl\/de\/wp-json\/wp\/v2\/media?parent=65"}],"wp:term":[{"taxonomy":"category","embeddable":true,"href":"https:\/\/plantbezorgd.nl\/de\/wp-json\/wp\/v2\/categories?post=65"},{"taxonomy":"post_tag","embeddable":true,"href":"https:\/\/plantbezorgd.nl\/de\/wp-json\/wp\/v2\/tags?post=65"}],"curies":[{"name":"wp","href":"https:\/\/api.w.org\/{rel}","templated":true}]}}