{"id":63373,"date":"2024-10-01T14:27:47","date_gmt":"2024-10-01T12:27:47","guid":{"rendered":"https:\/\/plantbezorgd.nl\/?page_id=63373"},"modified":"2024-10-01T16:06:26","modified_gmt":"2024-10-01T14:06:26","slug":"gartenpflanzen-in-breda-kaufen","status":"publish","type":"page","link":"https:\/\/plantbezorgd.nl\/de\/gartenpflanzen-in-breda-kaufen\/","title":{"rendered":"Gartenpflanzen in Breda kaufen"},"content":{"rendered":"<h1>Gartenpflanzen in Breda kaufen<\/h1>\n<p>Suchen Sie nach sch\u00f6nen Gartenpflanzen? Bei PlantBezorgd in Molenschot bei Breda finden Sie eine gro\u00dfe Auswahl an preiswerten und hochwertigen Pflanzen f\u00fcr Ihren Garten. Ob Ziergr\u00e4ser, bl\u00fchende Stauden oder robuste Str\u00e4ucher \u2013 wir haben die perfekten Pflanzen, um Ihren Garten in eine gr\u00fcne Oase zu verwandeln.<\/p>\n<h2>Warum Gartenpflanzen bei PlantBezorgd.nl kaufen?<\/h2>\n<p><strong>1. Niedrige Preise, hohe Qualit\u00e4t<\/strong><br \/>\nBei PlantBezorgd vereinen wir g\u00fcnstige Preise mit hochwertigen Pflanzen. Sie erhalten bei uns stets beste Qualit\u00e4t zu wettbewerbsf\u00e4higen Preisen.<\/p>\n<p><strong>2. Breites Sortiment f\u00fcr jeden Garten<\/strong><br \/>\nOb kleiner Stadtgarten oder weitl\u00e4ufiges Landgut \u2013 wir bieten eine gro\u00dfe Auswahl an Gartenpflanzen. Von farbenpr\u00e4chtigen Blumen bis hin zu immergr\u00fcnen Str\u00e4uchern: Wir haben Pflanzen, die Ihren Garten zu jeder Jahreszeit zum Leben erwecken.<\/p>\n<p><strong>3. Einfache Online-Bestellung<\/strong><br \/>\nKeine Zeit f\u00fcr einen Besuch im Gartencenter? Kein Problem! Bei PlantBezorgd k\u00f6nnen Sie Gartenpflanzen ganz einfach online bestellen und sich diese in Breda und Umgebung liefern lassen. Unsere benutzerfreundliche Plattform macht es Ihnen leicht, genau das zu finden, was Sie suchen.<\/p>\n<p><strong>4. Abholung nach Vereinbarung<\/strong><br \/>\nM\u00f6chten Sie Ihre Pflanzen lieber selbst abholen? Besuchen Sie uns in Molenschot bei Breda. Nach Vereinbarung k\u00f6nnen Sie Ihre bestellten Pflanzen bei uns abholen und direkt mit nach Hause nehmen.<\/p>\n<h2>Gartenpflanzen werden in den gesamten Niederlanden geliefert<\/h2>\n<p>Wir liefern schnell und zuverl\u00e4ssig in Breda, Umgebung und im Rest der Niederlande. So sparen Sie sich das Schleppen schwerer Pflanzen und k\u00f6nnen sofort mit der Gartenplanung beginnen. Ob kleine Bestellungen oder gro\u00dfe Gartenprojekte \u2013 wir sorgen daf\u00fcr, dass Ihre Pflanzen in Top-Zustand ankommen.<\/p>\n<h2>PlantBezorgd: Ihr Partner f\u00fcr Garten- und Zimmerpflanzen<\/h2>\n<p>Wir bieten unseren Kunden die sch\u00f6nsten Gartenpflanzen direkt vom Z\u00fcchter an!<\/p>\n<p>Und weil wir wissen, welche Qualit\u00e4t wir anbieten, geben wir auch eine Wachstumsgarantie auf unsere Pflanzen. So k\u00f6nnen Sie als Kunde sicher sein, dass Sie die beste Pflanze mit nach Hause genommen haben.<\/p>\n<p>Wir haben die Cr\u00e8me de la Cr\u00e8me der Gartenpflanzen. Wir machen es m\u00f6glich. <strong>finden<\/strong> Mit der gew\u00fcnschten Pflanze ist es ganz einfach. Und wir wissen, wie wir Ihnen Pflanzen in Top-Zustand liefern. Genau darin liegt unsere St\u00e4rke.<\/p>\n<h1><\/h1>\n<h1><\/h1>\n<p>&nbsp;<\/p>\n<h1 class=\"h3\"><span class=\"text-large\">Finden Sie Ihre perfekte Pflanze!<\/span><\/h1>\n<p class=\"mb-3 mb-lg-5\"><small>Sagen Sie uns, was Sie m\u00f6gen, und wir erledigen den Rest<\/small><\/p>\n<p class=\"double-high text-large\">Ich m\u00f6chte meine neue Gartenpflanze [pa_65a6b470e4755]. [pa_65a6b4a747f07] im Winter pflanzen. Ich werde sie an einen Standort [pa_65a6b4e67f5d1] setzen. Die Pflanze sollte nach 5 Jahren ihre volle H\u00f6he erreichen [pa_65a6b5539c1ba]. Wenn die Pflanze bl\u00fcht, w\u00fcnsche ich mir, dass sie [pa_65a6b5f4961ce] hat.<\/p>\n<button class=\"js-find-plants pf-btn btn btn-secondary my-2 mr-3 disabled\">Sehen Sie sich Ihre neue Pflanze an<\/button><button class=\"js-reset-plants pf-btn btn btn-secondary btn-bordered my-2\" style=\"display: none\">Neu anfangen<\/button>\n<div id=\"gtx-trans\" style=\"position: absolute; left: 770px; top: 272.875px;\">\n<div class=\"gtx-trans-icon\"><\/div>\n<\/div>","protected":false},"excerpt":{"rendered":"<p>Tuinplanten kopen Breda Ben je op zoek naar prachtige tuinplanten? Bij PlantBezorgd, gevestigd in Molenschot, vlakbij Breda, vind je een breed assortiment aan betaalbare kwaliteitsplanten voor jouw tuin. Of je nu op zoek bent naar siergrassen, bloeiende vaste planten of winterharde heesters, wij hebben de perfecte planten om jouw tuin tot een groene oase te [&hellip;]<\/p>","protected":false},"author":8,"featured_media":46905,"parent":0,"menu_order":0,"comment_status":"closed","ping_status":"closed","template":"templates\/template-plantfinder.php","meta":{"_acf_changed":false,"iawp_total_views":42,"footnotes":""},"categories":[],"tags":[],"class_list":["post-63373","page","type-page","status-publish","has-post-thumbnail","hentry"],"acf":[],"yoast_head":"<!-- This site is optimized with the Yoast SEO plugin v25.3 - https:\/\/yoast.com\/wordpress\/plugins\/seo\/ -->\n<title>Tuinplanten kopen Breda - PlantBezorgd<\/title>\n<meta name=\"robots\" content=\"index, follow, max-snippet:-1, max-image-preview:large, max-video-preview:-1\" \/>\n<link rel=\"canonical\" href=\"https:\/\/plantbezorgd.nl\/de\/gartenpflanzen-in-breda-kaufen\/\" \/>\n<meta property=\"og:locale\" content=\"de_DE\" \/>\n<meta property=\"og:type\" content=\"article\" \/>\n<meta property=\"og:title\" content=\"Tuinplanten kopen Breda - PlantBezorgd\" \/>\n<meta property=\"og:description\" content=\"Tuinplanten kopen Breda Ben je op zoek naar prachtige tuinplanten? Bij PlantBezorgd, gevestigd in Molenschot, vlakbij Breda, vind je een breed assortiment aan betaalbare kwaliteitsplanten voor jouw tuin. Of je nu op zoek bent naar siergrassen, bloeiende vaste planten of winterharde heesters, wij hebben de perfecte planten om jouw tuin tot een groene oase te [&hellip;]\" \/>\n<meta property=\"og:url\" content=\"https:\/\/plantbezorgd.nl\/de\/gartenpflanzen-in-breda-kaufen\/\" \/>\n<meta property=\"og:site_name\" content=\"PlantBezorgd\" \/>\n<meta property=\"article:modified_time\" content=\"2024-10-01T14:06:26+00:00\" \/>\n<meta property=\"og:image\" content=\"https:\/\/cdn.plantbezorgd.nl\/wp-content\/uploads\/2024\/01\/medium-shot-smiley-people-with-plants.jpg?strip=all&lossy=1&ssl=1\" \/>\n\t<meta property=\"og:image:width\" content=\"873\" \/>\n\t<meta property=\"og:image:height\" content=\"589\" \/>\n\t<meta property=\"og:image:type\" content=\"image\/jpeg\" \/>\n<meta name=\"twitter:card\" content=\"summary_large_image\" \/>\n<meta name=\"twitter:label1\" content=\"Gesch\u00e4tzte Lesezeit\" \/>\n\t<meta name=\"twitter:data1\" content=\"3\u00a0Minuten\" \/>\n<script type=\"application\/ld+json\" class=\"yoast-schema-graph\">{\"@context\":\"https:\/\/schema.org\",\"@graph\":[{\"@type\":\"WebPage\",\"@id\":\"https:\/\/plantbezorgd.nl\/tuinplanten-kopen-breda\/\",\"url\":\"https:\/\/plantbezorgd.nl\/tuinplanten-kopen-breda\/\",\"name\":\"Tuinplanten kopen Breda - PlantBezorgd\",\"isPartOf\":{\"@id\":\"https:\/\/plantbezorgd.nl\/#website\"},\"primaryImageOfPage\":{\"@id\":\"https:\/\/plantbezorgd.nl\/tuinplanten-kopen-breda\/#primaryimage\"},\"image\":{\"@id\":\"https:\/\/plantbezorgd.nl\/tuinplanten-kopen-breda\/#primaryimage\"},\"thumbnailUrl\":\"https:\/\/plantbezorgd.nl\/wp-content\/uploads\/2024\/01\/medium-shot-smiley-people-with-plants.jpg\",\"datePublished\":\"2024-10-01T12:27:47+00:00\",\"dateModified\":\"2024-10-01T14:06:26+00:00\",\"inLanguage\":\"de\",\"potentialAction\":[{\"@type\":\"ReadAction\",\"target\":[\"https:\/\/plantbezorgd.nl\/tuinplanten-kopen-breda\/\"]}]},{\"@type\":\"ImageObject\",\"inLanguage\":\"de\",\"@id\":\"https:\/\/plantbezorgd.nl\/tuinplanten-kopen-breda\/#primaryimage\",\"url\":\"https:\/\/plantbezorgd.nl\/wp-content\/uploads\/2024\/01\/medium-shot-smiley-people-with-plants.jpg\",\"contentUrl\":\"https:\/\/plantbezorgd.nl\/wp-content\/uploads\/2024\/01\/medium-shot-smiley-people-with-plants.jpg\",\"width\":873,\"height\":589},{\"@type\":\"WebSite\",\"@id\":\"https:\/\/plantbezorgd.nl\/#website\",\"url\":\"https:\/\/plantbezorgd.nl\/\",\"name\":\"PlantBezorgd\",\"description\":\"Betaalbare kwaliteitsplanten thuisbezorgd!\",\"publisher\":{\"@id\":\"https:\/\/plantbezorgd.nl\/#organization\"},\"potentialAction\":[{\"@type\":\"SearchAction\",\"target\":{\"@type\":\"EntryPoint\",\"urlTemplate\":\"https:\/\/plantbezorgd.nl\/?s={search_term_string}\"},\"query-input\":{\"@type\":\"PropertyValueSpecification\",\"valueRequired\":true,\"valueName\":\"search_term_string\"}}],\"inLanguage\":\"de\"},{\"@type\":\"Organization\",\"@id\":\"https:\/\/plantbezorgd.nl\/#organization\",\"name\":\"PlantBezorgd\",\"url\":\"https:\/\/plantbezorgd.nl\/\",\"logo\":{\"@type\":\"ImageObject\",\"inLanguage\":\"de\",\"@id\":\"https:\/\/plantbezorgd.nl\/#\/schema\/logo\/image\/\",\"url\":\"https:\/\/plantbezorgd.nl\/wp-content\/uploads\/2023\/05\/Logo.svg\",\"contentUrl\":\"https:\/\/plantbezorgd.nl\/wp-content\/uploads\/2023\/05\/Logo.svg\",\"caption\":\"PlantBezorgd\"},\"image\":{\"@id\":\"https:\/\/plantbezorgd.nl\/#\/schema\/logo\/image\/\"}}]}<\/script>\n<!-- \/ Yoast SEO plugin. -->","yoast_head_json":{"title":"Kaufen Sie Gartenpflanzen Breda - PlantBezorgd","robots":{"index":"index","follow":"follow","max-snippet":"max-snippet:-1","max-image-preview":"max-image-preview:large","max-video-preview":"max-video-preview:-1"},"canonical":"https:\/\/plantbezorgd.nl\/de\/gartenpflanzen-in-breda-kaufen\/","og_locale":"de_DE","og_type":"article","og_title":"Tuinplanten kopen Breda - PlantBezorgd","og_description":"Tuinplanten kopen Breda Ben je op zoek naar prachtige tuinplanten? Bij PlantBezorgd, gevestigd in Molenschot, vlakbij Breda, vind je een breed assortiment aan betaalbare kwaliteitsplanten voor jouw tuin. Of je nu op zoek bent naar siergrassen, bloeiende vaste planten of winterharde heesters, wij hebben de perfecte planten om jouw tuin tot een groene oase te [&hellip;]","og_url":"https:\/\/plantbezorgd.nl\/de\/gartenpflanzen-in-breda-kaufen\/","og_site_name":"PlantBezorgd","article_modified_time":"2024-10-01T14:06:26+00:00","og_image":[{"width":873,"height":589,"url":"https:\/\/cdn.plantbezorgd.nl\/wp-content\/uploads\/2024\/01\/medium-shot-smiley-people-with-plants.jpg?strip=all&lossy=1&ssl=1","type":"image\/jpeg"}],"twitter_card":"summary_large_image","twitter_misc":{"Gesch\u00e4tzte Lesezeit":"3\u00a0Minuten"},"schema":{"@context":"https:\/\/schema.org","@graph":[{"@type":"WebPage","@id":"https:\/\/plantbezorgd.nl\/tuinplanten-kopen-breda\/","url":"https:\/\/plantbezorgd.nl\/tuinplanten-kopen-breda\/","name":"Kaufen Sie Gartenpflanzen Breda - PlantBezorgd","isPartOf":{"@id":"https:\/\/plantbezorgd.nl\/#website"},"primaryImageOfPage":{"@id":"https:\/\/plantbezorgd.nl\/tuinplanten-kopen-breda\/#primaryimage"},"image":{"@id":"https:\/\/plantbezorgd.nl\/tuinplanten-kopen-breda\/#primaryimage"},"thumbnailUrl":"https:\/\/plantbezorgd.nl\/wp-content\/uploads\/2024\/01\/medium-shot-smiley-people-with-plants.jpg","datePublished":"2024-10-01T12:27:47+00:00","dateModified":"2024-10-01T14:06:26+00:00","inLanguage":"de","potentialAction":[{"@type":"ReadAction","target":["https:\/\/plantbezorgd.nl\/tuinplanten-kopen-breda\/"]}]},{"@type":"ImageObject","inLanguage":"de","@id":"https:\/\/plantbezorgd.nl\/tuinplanten-kopen-breda\/#primaryimage","url":"https:\/\/plantbezorgd.nl\/wp-content\/uploads\/2024\/01\/medium-shot-smiley-people-with-plants.jpg","contentUrl":"https:\/\/plantbezorgd.nl\/wp-content\/uploads\/2024\/01\/medium-shot-smiley-people-with-plants.jpg","width":873,"height":589},{"@type":"WebSite","@id":"https:\/\/plantbezorgd.nl\/#website","url":"https:\/\/plantbezorgd.nl\/","name":"PflanzenGeliefert","description":"Erschwingliche Qualit\u00e4tspflanzen direkt zu Ihnen nach Hause geliefert!","publisher":{"@id":"https:\/\/plantbezorgd.nl\/#organization"},"potentialAction":[{"@type":"SearchAction","target":{"@type":"EntryPoint","urlTemplate":"https:\/\/plantbezorgd.nl\/?s={search_term_string}"},"query-input":{"@type":"PropertyValueSpecification","valueRequired":true,"valueName":"search_term_string"}}],"inLanguage":"de"},{"@type":"Organization","@id":"https:\/\/plantbezorgd.nl\/#organization","name":"PflanzenGeliefert","url":"https:\/\/plantbezorgd.nl\/","logo":{"@type":"ImageObject","inLanguage":"de","@id":"https:\/\/plantbezorgd.nl\/#\/schema\/logo\/image\/","url":"https:\/\/plantbezorgd.nl\/wp-content\/uploads\/2023\/05\/Logo.svg","contentUrl":"https:\/\/plantbezorgd.nl\/wp-content\/uploads\/2023\/05\/Logo.svg","caption":"PlantBezorgd"},"image":{"@id":"https:\/\/plantbezorgd.nl\/#\/schema\/logo\/image\/"}}]}},"_links":{"self":[{"href":"https:\/\/plantbezorgd.nl\/de\/wp-json\/wp\/v2\/pages\/63373","targetHints":{"allow":["GET"]}}],"collection":[{"href":"https:\/\/plantbezorgd.nl\/de\/wp-json\/wp\/v2\/pages"}],"about":[{"href":"https:\/\/plantbezorgd.nl\/de\/wp-json\/wp\/v2\/types\/page"}],"author":[{"embeddable":true,"href":"https:\/\/plantbezorgd.nl\/de\/wp-json\/wp\/v2\/users\/8"}],"replies":[{"embeddable":true,"href":"https:\/\/plantbezorgd.nl\/de\/wp-json\/wp\/v2\/comments?post=63373"}],"version-history":[{"count":0,"href":"https:\/\/plantbezorgd.nl\/de\/wp-json\/wp\/v2\/pages\/63373\/revisions"}],"wp:featuredmedia":[{"embeddable":true,"href":"https:\/\/plantbezorgd.nl\/de\/wp-json\/wp\/v2\/media\/46905"}],"wp:attachment":[{"href":"https:\/\/plantbezorgd.nl\/de\/wp-json\/wp\/v2\/media?parent=63373"}],"wp:term":[{"taxonomy":"category","embeddable":true,"href":"https:\/\/plantbezorgd.nl\/de\/wp-json\/wp\/v2\/categories?post=63373"},{"taxonomy":"post_tag","embeddable":true,"href":"https:\/\/plantbezorgd.nl\/de\/wp-json\/wp\/v2\/tags?post=63373"}],"curies":[{"name":"wp","href":"https:\/\/api.w.org\/{rel}","templated":true}]}}