{"id":39114,"date":"2023-08-18T00:20:47","date_gmt":"2023-08-17T22:20:47","guid":{"rendered":"https:\/\/plantbezorgd.nl\/?page_id=39114"},"modified":"2023-08-18T00:21:17","modified_gmt":"2023-08-17T22:21:17","slug":"treueprogramm-2","status":"publish","type":"page","link":"https:\/\/plantbezorgd.nl\/de\/treueprogramm-2\/","title":{"rendered":"Sparprogramm"},"content":{"rendered":"<p>Bei PlantBezorgd sch\u00e4tzen wir Ihre Treue. Deshalb sparen Sie bei jedem Einkauf einen Rabatt f\u00fcr Ihre n\u00e4chste Bestellung. Alles, was Sie tun m\u00fcssen, ist ein Konto zu erstellen. Nach Abschluss Ihrer Bestellung werden die Treuepunkte automatisch in Ihrem Konto erscheinen und Sie k\u00f6nnen sie f\u00fcr Ihre n\u00e4chste Bestellung in der Kasse Bildschirm verwenden oder weiterhin f\u00fcr noch mehr Rabatte sparen!<\/p>\n<p class=\"p3\"><span class=\"s2\">F\u00fcr jeden vollen 1 \u20ac, den Sie im Webshop ausgeben, erhalten Sie 1 Treuepunkt, d.h. bei einer Bestellung von 100 \u20ac haben Sie 2 \u20ac (100 Treuepunkte) gespart.\u00a0<\/span><span class=\"s2\">Au\u00dferdem werden wir \u00fcber unsere sozialen Medien und unseren Newsletter Aktionen starten, mit denen Sie zus\u00e4tzliche Treuepunkte sammeln k\u00f6nnen!<\/span><\/p>\n<p class=\"p3\"><span class=\"s2\">Sind Sie neugierig auf Ihren Kontostand? Sie k\u00f6nnen Ihren Kontostand in Ihrem Konto \u00fcberpr\u00fcfen,\u00a0<a href=\"https:\/\/plantbezorgd.nl\/de\/konto-2\/\">zu meinem Konto gehen<\/a>\u00a0und klicken Sie auf Sparprogramm.<\/span><\/p>","protected":false},"excerpt":{"rendered":"<p>Bij PlantBezorgd waarderen we je loyaliteit. Daarom spaar je bij elke aankoop voor korting op je volgende bestelling. Het enige dat je hoeft te doen is een account aanmaken. Na het afronden van je bestelling komen de spaarpunten automatisch in je account te staan en kun je ze bij een volgende bestelling verzilveren in het [&hellip;]<\/p>","protected":false},"author":1,"featured_media":0,"parent":0,"menu_order":0,"comment_status":"closed","ping_status":"closed","template":"","meta":{"_acf_changed":false,"iawp_total_views":128,"footnotes":""},"categories":[],"tags":[],"class_list":["post-39114","page","type-page","status-publish","hentry"],"acf":[],"yoast_head":"<!-- This site is optimized with the Yoast SEO plugin v25.3 - https:\/\/yoast.com\/wordpress\/plugins\/seo\/ -->\n<title>Spaarprogramma - PlantBezorgd<\/title>\n<meta name=\"robots\" content=\"index, follow, max-snippet:-1, max-image-preview:large, max-video-preview:-1\" \/>\n<link rel=\"canonical\" href=\"https:\/\/plantbezorgd.nl\/de\/treueprogramm-2\/\" \/>\n<meta property=\"og:locale\" content=\"de_DE\" \/>\n<meta property=\"og:type\" content=\"article\" \/>\n<meta property=\"og:title\" content=\"Spaarprogramma - PlantBezorgd\" \/>\n<meta property=\"og:description\" content=\"Bij PlantBezorgd waarderen we je loyaliteit. Daarom spaar je bij elke aankoop voor korting op je volgende bestelling. Het enige dat je hoeft te doen is een account aanmaken. Na het afronden van je bestelling komen de spaarpunten automatisch in je account te staan en kun je ze bij een volgende bestelling verzilveren in het [&hellip;]\" \/>\n<meta property=\"og:url\" content=\"https:\/\/plantbezorgd.nl\/de\/treueprogramm-2\/\" \/>\n<meta property=\"og:site_name\" content=\"PlantBezorgd\" \/>\n<meta property=\"article:modified_time\" content=\"2023-08-17T22:21:17+00:00\" \/>\n<meta name=\"twitter:card\" content=\"summary_large_image\" \/>\n<meta name=\"twitter:label1\" content=\"Gesch\u00e4tzte Lesezeit\" \/>\n\t<meta name=\"twitter:data1\" content=\"1\u00a0Minute\" \/>\n<script type=\"application\/ld+json\" class=\"yoast-schema-graph\">{\"@context\":\"https:\/\/schema.org\",\"@graph\":[{\"@type\":\"WebPage\",\"@id\":\"https:\/\/plantbezorgd.nl\/loyaliteitsprogramma\/\",\"url\":\"https:\/\/plantbezorgd.nl\/loyaliteitsprogramma\/\",\"name\":\"Spaarprogramma - PlantBezorgd\",\"isPartOf\":{\"@id\":\"https:\/\/plantbezorgd.nl\/#website\"},\"datePublished\":\"2023-08-17T22:20:47+00:00\",\"dateModified\":\"2023-08-17T22:21:17+00:00\",\"inLanguage\":\"de\",\"potentialAction\":[{\"@type\":\"ReadAction\",\"target\":[\"https:\/\/plantbezorgd.nl\/loyaliteitsprogramma\/\"]}]},{\"@type\":\"WebSite\",\"@id\":\"https:\/\/plantbezorgd.nl\/#website\",\"url\":\"https:\/\/plantbezorgd.nl\/\",\"name\":\"PlantBezorgd\",\"description\":\"Betaalbare kwaliteitsplanten thuisbezorgd!\",\"publisher\":{\"@id\":\"https:\/\/plantbezorgd.nl\/#organization\"},\"potentialAction\":[{\"@type\":\"SearchAction\",\"target\":{\"@type\":\"EntryPoint\",\"urlTemplate\":\"https:\/\/plantbezorgd.nl\/?s={search_term_string}\"},\"query-input\":{\"@type\":\"PropertyValueSpecification\",\"valueRequired\":true,\"valueName\":\"search_term_string\"}}],\"inLanguage\":\"de\"},{\"@type\":\"Organization\",\"@id\":\"https:\/\/plantbezorgd.nl\/#organization\",\"name\":\"PlantBezorgd\",\"url\":\"https:\/\/plantbezorgd.nl\/\",\"logo\":{\"@type\":\"ImageObject\",\"inLanguage\":\"de\",\"@id\":\"https:\/\/plantbezorgd.nl\/#\/schema\/logo\/image\/\",\"url\":\"https:\/\/plantbezorgd.nl\/wp-content\/uploads\/2023\/05\/Logo.svg\",\"contentUrl\":\"https:\/\/plantbezorgd.nl\/wp-content\/uploads\/2023\/05\/Logo.svg\",\"caption\":\"PlantBezorgd\"},\"image\":{\"@id\":\"https:\/\/plantbezorgd.nl\/#\/schema\/logo\/image\/\"}}]}<\/script>\n<!-- \/ Yoast SEO plugin. -->","yoast_head_json":{"title":"Einsparungsprogramm - PlantBezorgd","robots":{"index":"index","follow":"follow","max-snippet":"max-snippet:-1","max-image-preview":"max-image-preview:large","max-video-preview":"max-video-preview:-1"},"canonical":"https:\/\/plantbezorgd.nl\/de\/treueprogramm-2\/","og_locale":"de_DE","og_type":"article","og_title":"Spaarprogramma - PlantBezorgd","og_description":"Bij PlantBezorgd waarderen we je loyaliteit. Daarom spaar je bij elke aankoop voor korting op je volgende bestelling. Het enige dat je hoeft te doen is een account aanmaken. Na het afronden van je bestelling komen de spaarpunten automatisch in je account te staan en kun je ze bij een volgende bestelling verzilveren in het [&hellip;]","og_url":"https:\/\/plantbezorgd.nl\/de\/treueprogramm-2\/","og_site_name":"PlantBezorgd","article_modified_time":"2023-08-17T22:21:17+00:00","twitter_card":"summary_large_image","twitter_misc":{"Gesch\u00e4tzte Lesezeit":"1\u00a0Minute"},"schema":{"@context":"https:\/\/schema.org","@graph":[{"@type":"WebPage","@id":"https:\/\/plantbezorgd.nl\/loyaliteitsprogramma\/","url":"https:\/\/plantbezorgd.nl\/loyaliteitsprogramma\/","name":"Einsparungsprogramm - PlantBezorgd","isPartOf":{"@id":"https:\/\/plantbezorgd.nl\/#website"},"datePublished":"2023-08-17T22:20:47+00:00","dateModified":"2023-08-17T22:21:17+00:00","inLanguage":"de","potentialAction":[{"@type":"ReadAction","target":["https:\/\/plantbezorgd.nl\/loyaliteitsprogramma\/"]}]},{"@type":"WebSite","@id":"https:\/\/plantbezorgd.nl\/#website","url":"https:\/\/plantbezorgd.nl\/","name":"PflanzenGeliefert","description":"Erschwingliche Qualit\u00e4tspflanzen direkt zu Ihnen nach Hause geliefert!","publisher":{"@id":"https:\/\/plantbezorgd.nl\/#organization"},"potentialAction":[{"@type":"SearchAction","target":{"@type":"EntryPoint","urlTemplate":"https:\/\/plantbezorgd.nl\/?s={search_term_string}"},"query-input":{"@type":"PropertyValueSpecification","valueRequired":true,"valueName":"search_term_string"}}],"inLanguage":"de"},{"@type":"Organization","@id":"https:\/\/plantbezorgd.nl\/#organization","name":"PflanzenGeliefert","url":"https:\/\/plantbezorgd.nl\/","logo":{"@type":"ImageObject","inLanguage":"de","@id":"https:\/\/plantbezorgd.nl\/#\/schema\/logo\/image\/","url":"https:\/\/plantbezorgd.nl\/wp-content\/uploads\/2023\/05\/Logo.svg","contentUrl":"https:\/\/plantbezorgd.nl\/wp-content\/uploads\/2023\/05\/Logo.svg","caption":"PlantBezorgd"},"image":{"@id":"https:\/\/plantbezorgd.nl\/#\/schema\/logo\/image\/"}}]}},"_links":{"self":[{"href":"https:\/\/plantbezorgd.nl\/de\/wp-json\/wp\/v2\/pages\/39114","targetHints":{"allow":["GET"]}}],"collection":[{"href":"https:\/\/plantbezorgd.nl\/de\/wp-json\/wp\/v2\/pages"}],"about":[{"href":"https:\/\/plantbezorgd.nl\/de\/wp-json\/wp\/v2\/types\/page"}],"author":[{"embeddable":true,"href":"https:\/\/plantbezorgd.nl\/de\/wp-json\/wp\/v2\/users\/1"}],"replies":[{"embeddable":true,"href":"https:\/\/plantbezorgd.nl\/de\/wp-json\/wp\/v2\/comments?post=39114"}],"version-history":[{"count":0,"href":"https:\/\/plantbezorgd.nl\/de\/wp-json\/wp\/v2\/pages\/39114\/revisions"}],"wp:attachment":[{"href":"https:\/\/plantbezorgd.nl\/de\/wp-json\/wp\/v2\/media?parent=39114"}],"wp:term":[{"taxonomy":"category","embeddable":true,"href":"https:\/\/plantbezorgd.nl\/de\/wp-json\/wp\/v2\/categories?post=39114"},{"taxonomy":"post_tag","embeddable":true,"href":"https:\/\/plantbezorgd.nl\/de\/wp-json\/wp\/v2\/tags?post=39114"}],"curies":[{"name":"wp","href":"https:\/\/api.w.org\/{rel}","templated":true}]}}