{"id":3,"date":"2023-05-18T08:05:34","date_gmt":"2023-05-18T08:05:34","guid":{"rendered":"http:\/\/plantbezorgd.s01.klik3.dev\/?page_id=3"},"modified":"2023-12-21T13:01:29","modified_gmt":"2023-12-21T12:01:29","slug":"erklarung-zum-datenschutz-2","status":"publish","type":"page","link":"https:\/\/plantbezorgd.nl\/de\/erklarung-zum-datenschutz-2\/","title":{"rendered":"Erkl\u00e4rung zum Datenschutz"},"content":{"rendered":"<h4>Datenschutzerkl\u00e4rung PlantBezorgd<\/h4>\n<p>PlantBezorgd, mit Sitz in der Schoolstraat 45, 5124 RN in Molenschot, ist verantwortlich f\u00fcr die Verarbeitung der personenbezogenen Daten, die in dieser Datenschutzerkl\u00e4rung aufgef\u00fchrt sind.<\/p>\n<h4>Kontaktangaben<\/h4>\n<p>https:\/\/www.PlantBezorgd.nl Schoolstraat 45, 5124 RN, Molenschot <a href=\"mailto:info@PlantBezorgd.nl\">info@PlantBezorgd.nl<\/a> B van den Boer ist der Datenschutzbeauftragte von PlantBezorgd . Er kann erreicht werden unter\u00a0<a href=\"mailto:info@PlantBezorgd.nl\">info@PlantBezorgd.nl<\/a> .<\/p>\n<h4>Von uns verarbeitete personenbezogene Daten<\/h4>\n<p>PlantBezorgd verarbeitet Ihre personenbezogenen Daten, weil Sie unsere Dienste nutzen und\/oder weil Sie uns diese selbst zur Verf\u00fcgung stellen. Im Folgenden finden Sie einen \u00dcberblick \u00fcber die personenbezogenen Daten, die wir verarbeiten:<\/p>\n<ul>\n<li>Vorname und Nachname<\/li>\n<li>Angaben zur Adresse<\/li>\n<li>Rufnummer<\/li>\n<li>E-Mail Adresse<\/li>\n<li>IP-Adresse<\/li>\n<li>Sonstige personenbezogene Daten, die Sie uns aktiv zur Verf\u00fcgung stellen, z. B. durch die Erstellung eines Profils auf dieser Website, im Schriftverkehr und per Telefon<\/li>\n<li>Daten \u00fcber Ihre Aktivit\u00e4ten auf unserer Website<\/li>\n<li>Internet-Browser und Ger\u00e4tetyp<\/li>\n<li>Besondere und\/oder sensible personenbezogene Daten, die wir verarbeiten<\/li>\n<\/ul>\n<p>Unsere Website und\/oder unser Dienst haben nicht die Absicht, Daten von Website-Besuchern zu sammeln, die unter 16 Jahre alt sind. Es sei denn, sie haben die Zustimmung ihrer Eltern oder Erziehungsberechtigten. Wir k\u00f6nnen jedoch nicht \u00fcberpr\u00fcfen, ob ein Besucher \u00e4lter als 16 Jahre ist. Wir raten daher den Eltern, die Online-Aktivit\u00e4ten ihrer Kinder zu \u00fcberwachen, um zu vermeiden, dass Daten von Kindern ohne elterliche Zustimmung erfasst werden. Wenn Sie davon \u00fcberzeugt sind, dass wir personenbezogene Daten \u00fcber einen Minderj\u00e4hrigen ohne eine solche Zustimmung gesammelt haben, kontaktieren Sie uns bitte unter info@PlantBezorgd und wir werden diese Informationen l\u00f6schen.<\/p>\n<h4>Zu welchem Zweck und auf welcher Grundlage wir personenbezogene Daten verarbeiten<\/h4>\n<p>PlantBezorgd verarbeitet Ihre personenbezogenen Daten f\u00fcr die folgenden Zwecke:<\/p>\n<ul>\n<li>Abwicklung Ihrer Zahlung<\/li>\n<li>Zusendung unseres Newsletters und\/oder Werbeprospekts<\/li>\n<li>Sie anzurufen oder per E-Mail zu kontaktieren, wenn dies zur Erbringung unserer Dienstleistungen erforderlich ist<\/li>\n<li>Information \u00fcber \u00c4nderungen an unseren Dienstleistungen und Produkten<\/li>\n<li>Erm\u00f6glicht die Erstellung eines Kontos<\/li>\n<li>um Ihnen Waren und Dienstleistungen zu liefern<\/li>\n<li>PlantBezorgd analysiert Ihr Verhalten auf der Website, um die Website zu verbessern und das Angebot an Produkten und Dienstleistungen an Ihre Pr\u00e4ferenzen anzupassen.<\/li>\n<\/ul>\n<p><strong>\u00a0<\/strong>Automatisierte Entscheidungsfindung PlantBezorgd trifft keine Entscheidungen \u00fcber Angelegenheiten, die Menschen (erheblich) beeintr\u00e4chtigen k\u00f6nnten, auf der Grundlage einer automatisierten Verarbeitung. Dies betrifft Entscheidungen, die von Computerprogrammen oder -systemen getroffen werden, ohne dass eine Person (z. B. ein Mitarbeiter von PlantBezorgd) daran beteiligt ist.<\/p>\n<h4>Wie lange wir personenbezogene Daten aufbewahren<\/h4>\n<p>PlantBezorgd speichert Ihre personenbezogenen Daten nicht l\u00e4nger als unbedingt notwendig, um die Zwecke, f\u00fcr die Ihre Daten erhoben wurden, zu erf\u00fcllen. Wir verwenden die folgenden Aufbewahrungsfristen f\u00fcr die folgenden (Kategorien von) personenbezogenen Daten: alle personenbezogenen Daten 5 Jahre nach Inaktivit\u00e4t des Kunden.<\/p>\n<h4>Weitergabe personenbezogener Daten an Dritte<\/h4>\n<p>PlantBezorgd verkauft Ihre Daten nicht an Dritte und stellt sie nur zur Verf\u00fcgung, wenn dies f\u00fcr die Ausf\u00fchrung unseres Vertrags mit Ihnen oder zur Erf\u00fcllung einer gesetzlichen Verpflichtung erforderlich ist. Wir schlie\u00dfen mit Unternehmen, die Ihre Daten in unserem Auftrag verarbeiten, einen Auftragsverarbeitungsvertrag ab, um das gleiche Ma\u00df an Sicherheit und Vertraulichkeit Ihrer Daten zu gew\u00e4hrleisten. PlantBezorgd bleibt f\u00fcr diese Verarbeitung verantwortlich. Cookies oder \u00e4hnliche Techniken, die wir verwenden PlantBezorgd verwendet nur technische und funktionale Cookies. Und analytische Cookies, die nicht in Ihre Privatsph\u00e4re eingreifen. Ein Cookie ist eine kleine Textdatei, die auf Ihrem Computer, Tablet oder Smartphone gespeichert wird, wenn Sie diese Website zum ersten Mal besuchen. Die von uns verwendeten Cookies sind f\u00fcr das technische Funktionieren der Website und Ihre Benutzerfreundlichkeit notwendig. Sie sorgen daf\u00fcr, dass die Website ordnungsgem\u00e4\u00df funktioniert und merken sich zum Beispiel Ihre Pr\u00e4ferenzen. Sie erm\u00f6glichen es uns auch, unsere Website zu optimieren. Sie k\u00f6nnen Cookies ablehnen, indem Sie Ihren Internetbrowser so einstellen, dass keine Cookies mehr gespeichert werden. Au\u00dferdem k\u00f6nnen Sie \u00fcber die Einstellungen Ihres Browsers alle zuvor gespeicherten Informationen l\u00f6schen. Einsichtnahme, Berichtigung oder L\u00f6schung von Daten Sie haben das Recht, Ihre personenbezogenen Daten einzusehen, zu berichtigen oder zu l\u00f6schen. Dies k\u00f6nnen Sie selbst \u00fcber die pers\u00f6nlichen Einstellungen Ihres Kontos tun. Sie haben auch das Recht, Ihre eventuelle Einwilligung zur Datenverarbeitung zu widerrufen oder der Verarbeitung Ihrer personenbezogenen Daten durch unser Unternehmen zu widersprechen, und Sie haben das Recht auf Daten\u00fcbertragbarkeit. Das bedeutet, dass Sie bei uns beantragen k\u00f6nnen, dass die personenbezogenen Daten, die wir \u00fcber Sie in einer Computerdatei gespeichert haben, an Sie oder eine andere von Ihnen benannte Organisation \u00fcbermittelt werden. Wenn Sie von Ihrem Widerspruchsrecht und\/oder Ihrem Recht auf Daten\u00fcbertragbarkeit Gebrauch machen m\u00f6chten oder wenn Sie andere Fragen\/Anmerkungen zur Datenverarbeitung haben, senden Sie bitte eine spezifizierte Anfrage an info@PlantBezorgd. Um sicherzustellen, dass der Antrag auf Einsichtnahme von Ihnen gestellt wurde, bitten wir Sie, dem Antrag eine Kopie Ihres Identit\u00e4tsnachweises beizuf\u00fcgen. Schw\u00e4rzen Sie auf dieser Kopie Ihr Passfoto, die MRZ (maschinenlesbare Zone, der Zahlenstreifen am unteren Rand des Passes), die Passnummer und die B\u00fcrgerservicenummer (BSN). Dies dient dem Schutz Ihrer Privatsph\u00e4re. PlantBezorgd wird Ihre Anfrage so schnell wie m\u00f6glich, sp\u00e4testens jedoch innerhalb von vier Wochen beantworten. PlantBezorgd m\u00f6chte Sie auch dar\u00fcber informieren, dass Sie die M\u00f6glichkeit haben, eine Beschwerde bei der nationalen Aufsichtsbeh\u00f6rde, der Beh\u00f6rde f\u00fcr personenbezogene Daten, einzureichen. Sie k\u00f6nnen dies \u00fcber den folgenden Link tun: <a href=\"https:\/\/autoriteitpersoonsgegevens.nl\/een-tip-of-klacht-indienen-bij-de-ap\" target=\"_blank\" rel=\"noopener\">beh\u00f6rdenpersonaldaten.de<\/a>\u00a0<strong>\u00a0<\/strong>Wie wir personenbezogene Daten sichern PlantBezorgd nimmt den Schutz Ihrer Daten ernst und ergreift geeignete Ma\u00dfnahmen, um Missbrauch, Verlust, unbefugten Zugriff, unerw\u00fcnschte Offenlegung und unbefugte \u00c4nderung zu verhindern. Wenn Sie den Eindruck haben, dass Ihre Daten nicht ordnungsgem\u00e4\u00df gesichert sind oder es Anzeichen f\u00fcr einen Missbrauch gibt, wenden Sie sich bitte an unseren Kundendienst oder \u00fcber <a href=\"mailto:info@PlantBezorgd.nl\">info@PlantBezorgd.nl<\/a><\/p>","protected":false},"excerpt":{"rendered":"<p>Privacyverklaring PlantBezorgd PlantBezorgd, gevestigd aan Schoolstraat 45, 5124 RN in Molenschot, is verantwoordelijk voor de verwerking van persoonsgegevens zoals weergegeven in deze privacyverklaring. Contactgegevens https:\/\/www.PlantBezorgd.nl Schoolstraat 45, 5124 RN, Molenschot info@PlantBezorgd.nl B van den Boer is de Functionaris Gegevensbescherming van PlantBezorgd . Hij is te bereiken via\u00a0info@PlantBezorgd.nl . Persoonsgegevens die wij verwerken PlantBezorgd verwerkt uw [&hellip;]<\/p>","protected":false},"author":1,"featured_media":0,"parent":0,"menu_order":0,"comment_status":"closed","ping_status":"open","template":"","meta":{"_acf_changed":false,"iawp_total_views":222,"footnotes":""},"categories":[],"tags":[],"class_list":["post-3","page","type-page","status-publish","hentry"],"acf":[],"yoast_head":"<!-- This site is optimized with the Yoast SEO plugin v25.3 - https:\/\/yoast.com\/wordpress\/plugins\/seo\/ -->\n<title>Privacyverklaring - PlantBezorgd<\/title>\n<meta name=\"robots\" content=\"index, follow, max-snippet:-1, max-image-preview:large, max-video-preview:-1\" \/>\n<link rel=\"canonical\" href=\"https:\/\/plantbezorgd.nl\/de\/erklarung-zum-datenschutz-2\/\" \/>\n<meta property=\"og:locale\" content=\"de_DE\" \/>\n<meta property=\"og:type\" content=\"article\" \/>\n<meta property=\"og:title\" content=\"Privacyverklaring - PlantBezorgd\" \/>\n<meta property=\"og:description\" content=\"Privacyverklaring PlantBezorgd PlantBezorgd, gevestigd aan Schoolstraat 45, 5124 RN in Molenschot, is verantwoordelijk voor de verwerking van persoonsgegevens zoals weergegeven in deze privacyverklaring. Contactgegevens https:\/\/www.PlantBezorgd.nl Schoolstraat 45, 5124 RN, Molenschot info@PlantBezorgd.nl B van den Boer is de Functionaris Gegevensbescherming van PlantBezorgd . Hij is te bereiken via\u00a0info@PlantBezorgd.nl . Persoonsgegevens die wij verwerken PlantBezorgd verwerkt uw [&hellip;]\" \/>\n<meta property=\"og:url\" content=\"https:\/\/plantbezorgd.nl\/de\/erklarung-zum-datenschutz-2\/\" \/>\n<meta property=\"og:site_name\" content=\"PlantBezorgd\" \/>\n<meta property=\"article:modified_time\" content=\"2023-12-21T12:01:29+00:00\" \/>\n<meta name=\"twitter:card\" content=\"summary_large_image\" \/>\n<meta name=\"twitter:label1\" content=\"Gesch\u00e4tzte Lesezeit\" \/>\n\t<meta name=\"twitter:data1\" content=\"5\u00a0Minuten\" \/>\n<script type=\"application\/ld+json\" class=\"yoast-schema-graph\">{\"@context\":\"https:\/\/schema.org\",\"@graph\":[{\"@type\":\"WebPage\",\"@id\":\"https:\/\/plantbezorgd.nl\/privacyverklaring\/\",\"url\":\"https:\/\/plantbezorgd.nl\/privacyverklaring\/\",\"name\":\"Privacyverklaring - PlantBezorgd\",\"isPartOf\":{\"@id\":\"https:\/\/plantbezorgd.nl\/#website\"},\"datePublished\":\"2023-05-18T08:05:34+00:00\",\"dateModified\":\"2023-12-21T12:01:29+00:00\",\"inLanguage\":\"de\",\"potentialAction\":[{\"@type\":\"ReadAction\",\"target\":[\"https:\/\/plantbezorgd.nl\/privacyverklaring\/\"]}]},{\"@type\":\"WebSite\",\"@id\":\"https:\/\/plantbezorgd.nl\/#website\",\"url\":\"https:\/\/plantbezorgd.nl\/\",\"name\":\"PlantBezorgd\",\"description\":\"Betaalbare kwaliteitsplanten thuisbezorgd!\",\"publisher\":{\"@id\":\"https:\/\/plantbezorgd.nl\/#organization\"},\"potentialAction\":[{\"@type\":\"SearchAction\",\"target\":{\"@type\":\"EntryPoint\",\"urlTemplate\":\"https:\/\/plantbezorgd.nl\/?s={search_term_string}\"},\"query-input\":{\"@type\":\"PropertyValueSpecification\",\"valueRequired\":true,\"valueName\":\"search_term_string\"}}],\"inLanguage\":\"de\"},{\"@type\":\"Organization\",\"@id\":\"https:\/\/plantbezorgd.nl\/#organization\",\"name\":\"PlantBezorgd\",\"url\":\"https:\/\/plantbezorgd.nl\/\",\"logo\":{\"@type\":\"ImageObject\",\"inLanguage\":\"de\",\"@id\":\"https:\/\/plantbezorgd.nl\/#\/schema\/logo\/image\/\",\"url\":\"https:\/\/plantbezorgd.nl\/wp-content\/uploads\/2023\/05\/Logo.svg\",\"contentUrl\":\"https:\/\/plantbezorgd.nl\/wp-content\/uploads\/2023\/05\/Logo.svg\",\"caption\":\"PlantBezorgd\"},\"image\":{\"@id\":\"https:\/\/plantbezorgd.nl\/#\/schema\/logo\/image\/\"}}]}<\/script>\n<!-- \/ Yoast SEO plugin. -->","yoast_head_json":{"title":"Datenschutzerkl\u00e4rung - PlantBezorgd","robots":{"index":"index","follow":"follow","max-snippet":"max-snippet:-1","max-image-preview":"max-image-preview:large","max-video-preview":"max-video-preview:-1"},"canonical":"https:\/\/plantbezorgd.nl\/de\/erklarung-zum-datenschutz-2\/","og_locale":"de_DE","og_type":"article","og_title":"Privacyverklaring - PlantBezorgd","og_description":"Privacyverklaring PlantBezorgd PlantBezorgd, gevestigd aan Schoolstraat 45, 5124 RN in Molenschot, is verantwoordelijk voor de verwerking van persoonsgegevens zoals weergegeven in deze privacyverklaring. Contactgegevens https:\/\/www.PlantBezorgd.nl Schoolstraat 45, 5124 RN, Molenschot info@PlantBezorgd.nl B van den Boer is de Functionaris Gegevensbescherming van PlantBezorgd . Hij is te bereiken via\u00a0info@PlantBezorgd.nl . Persoonsgegevens die wij verwerken PlantBezorgd verwerkt uw [&hellip;]","og_url":"https:\/\/plantbezorgd.nl\/de\/erklarung-zum-datenschutz-2\/","og_site_name":"PlantBezorgd","article_modified_time":"2023-12-21T12:01:29+00:00","twitter_card":"summary_large_image","twitter_misc":{"Gesch\u00e4tzte Lesezeit":"5\u00a0Minuten"},"schema":{"@context":"https:\/\/schema.org","@graph":[{"@type":"WebPage","@id":"https:\/\/plantbezorgd.nl\/privacyverklaring\/","url":"https:\/\/plantbezorgd.nl\/privacyverklaring\/","name":"Datenschutzerkl\u00e4rung - PlantBezorgd","isPartOf":{"@id":"https:\/\/plantbezorgd.nl\/#website"},"datePublished":"2023-05-18T08:05:34+00:00","dateModified":"2023-12-21T12:01:29+00:00","inLanguage":"de","potentialAction":[{"@type":"ReadAction","target":["https:\/\/plantbezorgd.nl\/privacyverklaring\/"]}]},{"@type":"WebSite","@id":"https:\/\/plantbezorgd.nl\/#website","url":"https:\/\/plantbezorgd.nl\/","name":"PflanzenGeliefert","description":"Erschwingliche Qualit\u00e4tspflanzen direkt zu Ihnen nach Hause geliefert!","publisher":{"@id":"https:\/\/plantbezorgd.nl\/#organization"},"potentialAction":[{"@type":"SearchAction","target":{"@type":"EntryPoint","urlTemplate":"https:\/\/plantbezorgd.nl\/?s={search_term_string}"},"query-input":{"@type":"PropertyValueSpecification","valueRequired":true,"valueName":"search_term_string"}}],"inLanguage":"de"},{"@type":"Organization","@id":"https:\/\/plantbezorgd.nl\/#organization","name":"PflanzenGeliefert","url":"https:\/\/plantbezorgd.nl\/","logo":{"@type":"ImageObject","inLanguage":"de","@id":"https:\/\/plantbezorgd.nl\/#\/schema\/logo\/image\/","url":"https:\/\/plantbezorgd.nl\/wp-content\/uploads\/2023\/05\/Logo.svg","contentUrl":"https:\/\/plantbezorgd.nl\/wp-content\/uploads\/2023\/05\/Logo.svg","caption":"PlantBezorgd"},"image":{"@id":"https:\/\/plantbezorgd.nl\/#\/schema\/logo\/image\/"}}]}},"_links":{"self":[{"href":"https:\/\/plantbezorgd.nl\/de\/wp-json\/wp\/v2\/pages\/3","targetHints":{"allow":["GET"]}}],"collection":[{"href":"https:\/\/plantbezorgd.nl\/de\/wp-json\/wp\/v2\/pages"}],"about":[{"href":"https:\/\/plantbezorgd.nl\/de\/wp-json\/wp\/v2\/types\/page"}],"author":[{"embeddable":true,"href":"https:\/\/plantbezorgd.nl\/de\/wp-json\/wp\/v2\/users\/1"}],"replies":[{"embeddable":true,"href":"https:\/\/plantbezorgd.nl\/de\/wp-json\/wp\/v2\/comments?post=3"}],"version-history":[{"count":0,"href":"https:\/\/plantbezorgd.nl\/de\/wp-json\/wp\/v2\/pages\/3\/revisions"}],"wp:attachment":[{"href":"https:\/\/plantbezorgd.nl\/de\/wp-json\/wp\/v2\/media?parent=3"}],"wp:term":[{"taxonomy":"category","embeddable":true,"href":"https:\/\/plantbezorgd.nl\/de\/wp-json\/wp\/v2\/categories?post=3"},{"taxonomy":"post_tag","embeddable":true,"href":"https:\/\/plantbezorgd.nl\/de\/wp-json\/wp\/v2\/tags?post=3"}],"curies":[{"name":"wp","href":"https:\/\/api.w.org\/{rel}","templated":true}]}}