{"id":13,"date":"2023-05-19T10:54:01","date_gmt":"2023-05-19T08:54:01","guid":{"rendered":"https:\/\/plantbezorgd.s01.klik3.dev\/?page_id=13"},"modified":"2025-09-23T16:50:14","modified_gmt":"2025-09-23T14:50:14","slug":"ruckgabegarantie-2","status":"publish","type":"page","link":"https:\/\/plantbezorgd.nl\/de\/ruckgabegarantie-2\/","title":{"rendered":"R\u00fcckgabe und Garantie"},"content":{"rendered":"<h4>Produktpalette<\/h4>\r\n<p>Auf PlantBezorgd finden Sie inzwischen mehr als 1.500 Pflanzenarten, und es werden jede Woche mehr! Suchen Sie eine bestimmte Pflanzenart und finden Sie sie hier nicht? Schicken Sie uns eine E-Mail mit der Anzahl der Pflanzen und der gew\u00fcnschten Topfgr\u00f6\u00dfe\/H\u00f6he an\u00a0<u><a href=\"mailto:info@plantbezorgd.nl\">info@plantbezorgd,nl<\/a><\/u>\u00a0und wir durchsuchen unsere Datenbank, um zu sehen, ob wir es liefern k\u00f6nnen!<\/p>\r\n<h4>Beschwerden und Kommentare<\/h4>\r\n<p>Nat\u00fcrlich tun wir unser Bestes, um jeden schnell und gut zu bedienen. Sollten Sie dennoch eine Beschwerde oder einen Kommentar haben, senden Sie ihn bitte an\u00a0<a href=\"mailto:info@plantbezorgd.nl\">info@plantbezorgd.nl<\/a>mit der Angabe \"Beschwerde\" oder \"Kommentar\" und Ihrer Bestellnummer (sofern Sie eine Bestellung aufgegeben haben). Wir nehmen Beschwerden und Kommentare immer ernst. Wir werden Ihre Beschwerde oder Ihren Kommentar innerhalb von 48 Stunden per E-Mail inhaltlich beantworten.<\/p>\r\n<p>Wenn Sie mit der Bearbeitung Ihrer Beschwerde oder Bemerkung nicht zufrieden sind, tut uns das nat\u00fcrlich sehr leid. Als Verbraucher haben Sie die M\u00f6glichkeit, Ihre Beschwerde bei der Stichting Webshop Keurmerk einzureichen, bei der PlantBezorgd.nl Mitglied ist. Sollte der Schlichtungsversuch aus irgendeinem Grund nicht zu einer zufriedenstellenden L\u00f6sung f\u00fchren, haben Sie die M\u00f6glichkeit, Ihren Streitfall der Schlichtungskommission (SGC) vorzulegen.<\/p>\r\n<h4>Umtausch und R\u00fcckgabe<\/h4>\r\n<p>Wir von PlantBezorgd stehen hinter dem Produkt, das wir liefern. Deshalb geben wir auf jede von uns gelieferte Pflanze eine zweimonatige Wachstumsgarantie. Wir liefern direkt von spezialisierten Z\u00fcchtern und holen die Pflanzen erst ab, wenn Ihre Bestellung eingegangen ist. Auf diese Weise garantieren wir Ihnen beste Qualit\u00e4t zu einem fairen Preis! Rechtlich gesehen k\u00f6nnen Sie lebendes Gr\u00fcnzeug nicht zur\u00fcckgeben, aber sollten Sie Ihre Bestellung aus irgendeinem Grund unerwartet zur\u00fcckgeben wollen, kontaktieren Sie uns bitte unter info@plantbezorgd.nl und wir k\u00f6nnen gemeinsam nach einer L\u00f6sung suchen.\u00a0<\/p>\r\n<h4>Datenschutz<\/h4>\r\n<p>Die Privatsph\u00e4re unserer Kunden hat f\u00fcr uns oberste Priorit\u00e4t. So auch, wenn Sie etwas bei uns kaufen oder ein Konto erstellen. Wenn Sie ein Konto erstellen, werden wir Ihre Daten nicht f\u00fcr Zwecke verwenden, die nichts mit den Aktivit\u00e4ten in unserem Webshop zu tun haben. Sie werden zum Beispiel keine Werbung erhalten, aber wir werden Sie \u00fcber die Entwicklung Ihrer Bestellung auf dem Laufenden halten.<\/p>\r\n<p>Die Zahlung erfolgt in einer sicheren Umgebung. W\u00e4hrend der Zahlung werden Sie mit einer sicheren Seite verbunden. Diese ist an dem Vorh\u00e4ngeschloss in der Browserleiste zu erkennen.<\/p>\r\n<p>Wir verwenden Cookies. Cookies sind harmlose Textdateien, die daf\u00fcr sorgen, dass unsere Website ordnungsgem\u00e4\u00df funktioniert. Wenn Sie zum Beispiel einkaufen, merken sich Cookies, was sich in Ihrem Einkaufswagen befindet, w\u00e4hrend Sie surfen. Das ist sehr praktisch!<\/p>\r\n<h4>H\u00f6hen<\/h4>\r\n<p>Die Kletterpflanzen, Hecken und einige Str\u00e4ucher werden in H\u00f6henma\u00dfen angeboten. Diese Gr\u00f6\u00dfen geben die H\u00f6he der Pflanze zum Zeitpunkt der Lieferung an. Sie werden oberhalb des Bodens gemessen; es handelt sich also um die tats\u00e4chliche H\u00f6he der Pflanze in Ihrem Garten. Topfh\u00f6he, Wurzelballen und Wurzeln sind\u00a0<strong>nicht<\/strong>\u00a0gez\u00e4hlt!<\/p>\r\n<h4>Topfgr\u00f6\u00dfen<\/h4>\r\n<p>Bei jeder Pflanze finden Sie die Topfgr\u00f6\u00dfe, diese kann von P9 (die kleinste Topfgr\u00f6\u00dfe, die wir liefern) bis C5 (die gr\u00f6\u00dfte Topfgr\u00f6\u00dfe, die wir im Webshop anbieten, gr\u00f6\u00dfere Topfgr\u00f6\u00dfen k\u00f6nnen auf Anfrage geliefert werden) variieren. Der \u00dcbersichtlichkeit halber geben wir bei den von uns angebotenen Pflanzen sowohl das Literfassungsverm\u00f6gen als auch den Topfdurchmesser an (z.B. C2 - \u00d8 17 cm, also ein 2-Liter-Topf mit einem Durchmesser von 17 cm) \ud83d\ude09 .<\/p>\r\n<p><a href=\"https:\/\/plantbezorgd.nl\/de\/allgemein-2\/erklarung-der-topfgrose-2\/\">Hier ist eine \u00dcbersicht \u00fcber alle Topfgr\u00f6\u00dfen<\/a><\/p>","protected":false},"excerpt":{"rendered":"<p>Assortiment Op PlantBezorgd vindt je inmiddels meer dan 1500 plantsoorten, en dat aantal groeit nog wekelijks!. Ben je op zoek naar een specifieke plantsoort en vindt je hem er onverhoopt niet tussen? Stuur ons een mail met het aantal stuks en de gewenste potmaat\/hoogte op\u00a0info@plantbezorgd,nl\u00a0en wij zoeken in onze database of we hem kunnen leveren! [&hellip;]<\/p>","protected":false},"author":1,"featured_media":0,"parent":0,"menu_order":0,"comment_status":"closed","ping_status":"closed","template":"","meta":{"_acf_changed":false,"iawp_total_views":242,"footnotes":""},"categories":[],"tags":[],"class_list":["post-13","page","type-page","status-publish","hentry"],"acf":[],"yoast_head":"<!-- This site is optimized with the Yoast SEO plugin v25.3 - https:\/\/yoast.com\/wordpress\/plugins\/seo\/ -->\n<title>Retourneren &amp; Garantie - PlantBezorgd<\/title>\n<meta name=\"robots\" content=\"index, follow, max-snippet:-1, max-image-preview:large, max-video-preview:-1\" \/>\n<link rel=\"canonical\" href=\"https:\/\/plantbezorgd.nl\/de\/ruckgabegarantie-2\/\" \/>\n<meta property=\"og:locale\" content=\"de_DE\" \/>\n<meta property=\"og:type\" content=\"article\" \/>\n<meta property=\"og:title\" content=\"Retourneren &amp; Garantie - PlantBezorgd\" \/>\n<meta property=\"og:description\" content=\"Assortiment Op PlantBezorgd vindt je inmiddels meer dan 1500 plantsoorten, en dat aantal groeit nog wekelijks!. Ben je op zoek naar een specifieke plantsoort en vindt je hem er onverhoopt niet tussen? Stuur ons een mail met het aantal stuks en de gewenste potmaat\/hoogte op\u00a0info@plantbezorgd,nl\u00a0en wij zoeken in onze database of we hem kunnen leveren! [&hellip;]\" \/>\n<meta property=\"og:url\" content=\"https:\/\/plantbezorgd.nl\/de\/ruckgabegarantie-2\/\" \/>\n<meta property=\"og:site_name\" content=\"PlantBezorgd\" \/>\n<meta property=\"article:modified_time\" content=\"2025-09-23T14:50:14+00:00\" \/>\n<meta name=\"twitter:card\" content=\"summary_large_image\" \/>\n<meta name=\"twitter:label1\" content=\"Gesch\u00e4tzte Lesezeit\" \/>\n\t<meta name=\"twitter:data1\" content=\"3\u00a0Minuten\" \/>\n<script type=\"application\/ld+json\" class=\"yoast-schema-graph\">{\"@context\":\"https:\/\/schema.org\",\"@graph\":[{\"@type\":\"WebPage\",\"@id\":\"https:\/\/plantbezorgd.nl\/retourneren-garantie\/\",\"url\":\"https:\/\/plantbezorgd.nl\/retourneren-garantie\/\",\"name\":\"Retourneren &amp; Garantie - PlantBezorgd\",\"isPartOf\":{\"@id\":\"https:\/\/plantbezorgd.nl\/#website\"},\"datePublished\":\"2023-05-19T08:54:01+00:00\",\"dateModified\":\"2025-09-23T14:50:14+00:00\",\"inLanguage\":\"de\",\"potentialAction\":[{\"@type\":\"ReadAction\",\"target\":[\"https:\/\/plantbezorgd.nl\/retourneren-garantie\/\"]}]},{\"@type\":\"WebSite\",\"@id\":\"https:\/\/plantbezorgd.nl\/#website\",\"url\":\"https:\/\/plantbezorgd.nl\/\",\"name\":\"PlantBezorgd\",\"description\":\"Betaalbare kwaliteitsplanten thuisbezorgd!\",\"publisher\":{\"@id\":\"https:\/\/plantbezorgd.nl\/#organization\"},\"potentialAction\":[{\"@type\":\"SearchAction\",\"target\":{\"@type\":\"EntryPoint\",\"urlTemplate\":\"https:\/\/plantbezorgd.nl\/?s={search_term_string}\"},\"query-input\":{\"@type\":\"PropertyValueSpecification\",\"valueRequired\":true,\"valueName\":\"search_term_string\"}}],\"inLanguage\":\"de\"},{\"@type\":\"Organization\",\"@id\":\"https:\/\/plantbezorgd.nl\/#organization\",\"name\":\"PlantBezorgd\",\"url\":\"https:\/\/plantbezorgd.nl\/\",\"logo\":{\"@type\":\"ImageObject\",\"inLanguage\":\"de\",\"@id\":\"https:\/\/plantbezorgd.nl\/#\/schema\/logo\/image\/\",\"url\":\"https:\/\/plantbezorgd.nl\/wp-content\/uploads\/2023\/05\/Logo.svg\",\"contentUrl\":\"https:\/\/plantbezorgd.nl\/wp-content\/uploads\/2023\/05\/Logo.svg\",\"caption\":\"PlantBezorgd\"},\"image\":{\"@id\":\"https:\/\/plantbezorgd.nl\/#\/schema\/logo\/image\/\"}}]}<\/script>\n<!-- \/ Yoast SEO plugin. -->","yoast_head_json":{"title":"R\u00fcckgabe &amp; Garantie - PlantBezorgd","robots":{"index":"index","follow":"follow","max-snippet":"max-snippet:-1","max-image-preview":"max-image-preview:large","max-video-preview":"max-video-preview:-1"},"canonical":"https:\/\/plantbezorgd.nl\/de\/ruckgabegarantie-2\/","og_locale":"de_DE","og_type":"article","og_title":"Retourneren &amp; Garantie - PlantBezorgd","og_description":"Assortiment Op PlantBezorgd vindt je inmiddels meer dan 1500 plantsoorten, en dat aantal groeit nog wekelijks!. Ben je op zoek naar een specifieke plantsoort en vindt je hem er onverhoopt niet tussen? Stuur ons een mail met het aantal stuks en de gewenste potmaat\/hoogte op\u00a0info@plantbezorgd,nl\u00a0en wij zoeken in onze database of we hem kunnen leveren! [&hellip;]","og_url":"https:\/\/plantbezorgd.nl\/de\/ruckgabegarantie-2\/","og_site_name":"PlantBezorgd","article_modified_time":"2025-09-23T14:50:14+00:00","twitter_card":"summary_large_image","twitter_misc":{"Gesch\u00e4tzte Lesezeit":"3\u00a0Minuten"},"schema":{"@context":"https:\/\/schema.org","@graph":[{"@type":"WebPage","@id":"https:\/\/plantbezorgd.nl\/retourneren-garantie\/","url":"https:\/\/plantbezorgd.nl\/retourneren-garantie\/","name":"R\u00fcckgabe &amp; Garantie - PlantBezorgd","isPartOf":{"@id":"https:\/\/plantbezorgd.nl\/#website"},"datePublished":"2023-05-19T08:54:01+00:00","dateModified":"2025-09-23T14:50:14+00:00","inLanguage":"de","potentialAction":[{"@type":"ReadAction","target":["https:\/\/plantbezorgd.nl\/retourneren-garantie\/"]}]},{"@type":"WebSite","@id":"https:\/\/plantbezorgd.nl\/#website","url":"https:\/\/plantbezorgd.nl\/","name":"PflanzenGeliefert","description":"Erschwingliche Qualit\u00e4tspflanzen direkt zu Ihnen nach Hause geliefert!","publisher":{"@id":"https:\/\/plantbezorgd.nl\/#organization"},"potentialAction":[{"@type":"SearchAction","target":{"@type":"EntryPoint","urlTemplate":"https:\/\/plantbezorgd.nl\/?s={search_term_string}"},"query-input":{"@type":"PropertyValueSpecification","valueRequired":true,"valueName":"search_term_string"}}],"inLanguage":"de"},{"@type":"Organization","@id":"https:\/\/plantbezorgd.nl\/#organization","name":"PflanzenGeliefert","url":"https:\/\/plantbezorgd.nl\/","logo":{"@type":"ImageObject","inLanguage":"de","@id":"https:\/\/plantbezorgd.nl\/#\/schema\/logo\/image\/","url":"https:\/\/plantbezorgd.nl\/wp-content\/uploads\/2023\/05\/Logo.svg","contentUrl":"https:\/\/plantbezorgd.nl\/wp-content\/uploads\/2023\/05\/Logo.svg","caption":"PlantBezorgd"},"image":{"@id":"https:\/\/plantbezorgd.nl\/#\/schema\/logo\/image\/"}}]}},"_links":{"self":[{"href":"https:\/\/plantbezorgd.nl\/de\/wp-json\/wp\/v2\/pages\/13","targetHints":{"allow":["GET"]}}],"collection":[{"href":"https:\/\/plantbezorgd.nl\/de\/wp-json\/wp\/v2\/pages"}],"about":[{"href":"https:\/\/plantbezorgd.nl\/de\/wp-json\/wp\/v2\/types\/page"}],"author":[{"embeddable":true,"href":"https:\/\/plantbezorgd.nl\/de\/wp-json\/wp\/v2\/users\/1"}],"replies":[{"embeddable":true,"href":"https:\/\/plantbezorgd.nl\/de\/wp-json\/wp\/v2\/comments?post=13"}],"version-history":[{"count":2,"href":"https:\/\/plantbezorgd.nl\/de\/wp-json\/wp\/v2\/pages\/13\/revisions"}],"predecessor-version":[{"id":77029,"href":"https:\/\/plantbezorgd.nl\/de\/wp-json\/wp\/v2\/pages\/13\/revisions\/77029"}],"wp:attachment":[{"href":"https:\/\/plantbezorgd.nl\/de\/wp-json\/wp\/v2\/media?parent=13"}],"wp:term":[{"taxonomy":"category","embeddable":true,"href":"https:\/\/plantbezorgd.nl\/de\/wp-json\/wp\/v2\/categories?post=13"},{"taxonomy":"post_tag","embeddable":true,"href":"https:\/\/plantbezorgd.nl\/de\/wp-json\/wp\/v2\/tags?post=13"}],"curies":[{"name":"wp","href":"https:\/\/api.w.org\/{rel}","templated":true}]}}